{"id":61,"date":"2022-01-13T10:17:07","date_gmt":"2022-01-13T09:17:07","guid":{"rendered":"https:\/\/revanis.eu\/?page_id=61"},"modified":"2025-07-16T12:45:59","modified_gmt":"2025-07-16T10:45:59","slug":"jobs-in-production-at-revanis-poland-dolacz-do-naszego-zespolu-produkcyjnego","status":"publish","type":"page","link":"https:\/\/revanis.eu\/en\/jobs-in-production-at-revanis-poland-dolacz-do-naszego-zespolu-produkcyjnego\/","title":{"rendered":"Jobs"},"content":{"rendered":"\n<p class=\"has-text-color\" style=\"color:#004289;font-size:22px\"><strong>Current job offers<\/strong><\/p>\n\n\n\n<p><br><\/p>\n\n\n<a href=\"https:\/\/revanis.eu\/wp-content\/uploads\/2022\/01\/Job_production_en.pdf\" class=\"pdfemb-viewer\" style=\"\" data-width=\"max\" data-height=\"max\" data-toolbar=\"bottom\" data-toolbar-fixed=\"off\">Job_production_en<\/a>\n<p class=\"wp-block-pdfemb-pdf-embedder-viewer\"><\/p>\n\n\n\n<p><br><\/p>\n\n\n\n<div class=\"wp-block-buttons is-layout-flex wp-block-buttons-is-layout-flex\">\n<div class=\"wp-block-button has-custom-width wp-block-button__width-50 is-style-outline is-style-outline--1\"><a class=\"wp-block-button__link has-text-color\" href=\"https:\/\/revanis.eu\/wp-content\/uploads\/2022\/01\/Job_production_en.pdf\" style=\"color:#dc9f1e\" target=\"_blank\" rel=\"noreferrer noopener\">PDF download<\/a><\/div>\n<\/div>\n","protected":false},"excerpt":{"rendered":"<p>Current job offers<\/p>\n","protected":false},"author":1,"featured_media":0,"parent":0,"menu_order":2,"comment_status":"closed","ping_status":"closed","template":"","meta":{"footnotes":""},"class_list":["post-61","page","type-page","status-publish","hentry"],"translation":{"provider":"WPGlobus","version":"2.12.2","language":"en","enabled_languages":["pl","en"],"languages":{"pl":{"title":true,"content":true,"excerpt":false},"en":{"title":true,"content":true,"excerpt":false}}},"yoast_head":"<!-- This site is optimized with the Yoast SEO plugin v27.4 - https:\/\/yoast.com\/product\/yoast-seo-wordpress\/ -->\n<title>Jobs - Manufacturer of smart products<\/title>\n<meta name=\"robots\" content=\"index, follow, max-snippet:-1, max-image-preview:large, max-video-preview:-1\" \/>\n<link rel=\"canonical\" href=\"https:\/\/revanis.eu\/jobs-in-production-at-revanis-poland-dolacz-do-naszego-zespolu-produkcyjnego\/\" \/>\n<meta property=\"og:locale\" content=\"en_US\" \/>\n<meta property=\"og:type\" content=\"article\" \/>\n<meta property=\"og:title\" content=\"Jobs - Manufacturer of smart products\" \/>\n<meta property=\"og:url\" content=\"https:\/\/revanis.eu\/jobs-in-production-at-revanis-poland-dolacz-do-naszego-zespolu-produkcyjnego\/\" \/>\n<meta property=\"og:site_name\" content=\"Manufacturer of smart products\" \/>\n<meta property=\"article:modified_time\" content=\"2025-07-16T10:45:59+00:00\" \/>\n<meta property=\"og:image\" content=\"https:\/\/revanis.eu\/wp-content\/uploads\/2022\/02\/AdobeStock_254777119-1024x576.jpg\" \/>\n<meta name=\"twitter:card\" content=\"summary_large_image\" \/>\n<meta name=\"twitter:label1\" content=\"Est. reading time\" \/>\n\t<meta name=\"twitter:data1\" content=\"1 minute\" \/>\n<script type=\"application\/ld+json\" class=\"yoast-schema-graph\">{\"@context\":\"https:\\\/\\\/schema.org\",\"@graph\":[{\"@type\":\"WebPage\",\"@id\":\"https:\\\/\\\/revanis.eu\\\/jobs-in-production-at-revanis-poland-dolacz-do-naszego-zespolu-produkcyjnego\\\/\",\"url\":\"https:\\\/\\\/revanis.eu\\\/jobs-in-production-at-revanis-poland-dolacz-do-naszego-zespolu-produkcyjnego\\\/\",\"name\":\"Jobs - Manufacturer of smart products\",\"isPartOf\":{\"@id\":\"https:\\\/\\\/revanis.eu\\\/de\\\/#website\"},\"primaryImageOfPage\":{\"@id\":\"https:\\\/\\\/revanis.eu\\\/jobs-in-production-at-revanis-poland-dolacz-do-naszego-zespolu-produkcyjnego\\\/#primaryimage\"},\"image\":{\"@id\":\"https:\\\/\\\/revanis.eu\\\/jobs-in-production-at-revanis-poland-dolacz-do-naszego-zespolu-produkcyjnego\\\/#primaryimage\"},\"thumbnailUrl\":\"https:\\\/\\\/revanis.eu\\\/wp-content\\\/uploads\\\/2022\\\/02\\\/AdobeStock_254777119-1024x576.jpg\",\"datePublished\":\"2022-01-13T09:17:07+00:00\",\"dateModified\":\"2025-07-16T10:45:59+00:00\",\"description\":\"Szukasz stabilnej pracy na produkcji? REVANIS Poland oferuje karier\u0119 przy produkcji wysokiej jako\u015bci komponent\u00f3w do kamper\u00f3w i przyczep kempingowych. Aplikuj ju\u017c teraz!\",\"breadcrumb\":{\"@id\":\"https:\\\/\\\/revanis.eu\\\/jobs-in-production-at-revanis-poland-dolacz-do-naszego-zespolu-produkcyjnego\\\/#breadcrumb\"},\"inLanguage\":\"en-UK\",\"potentialAction\":[{\"@type\":\"ReadAction\",\"target\":[\"https:\\\/\\\/revanis.eu\\\/jobs-in-production-at-revanis-poland-dolacz-do-naszego-zespolu-produkcyjnego\\\/\"]}]},{\"@type\":\"ImageObject\",\"inLanguage\":\"en-UK\",\"@id\":\"https:\\\/\\\/revanis.eu\\\/jobs-in-production-at-revanis-poland-dolacz-do-naszego-zespolu-produkcyjnego\\\/#primaryimage\",\"url\":\"https:\\\/\\\/revanis.eu\\\/wp-content\\\/uploads\\\/2022\\\/02\\\/AdobeStock_254777119-1024x576.jpg\",\"contentUrl\":\"https:\\\/\\\/revanis.eu\\\/wp-content\\\/uploads\\\/2022\\\/02\\\/AdobeStock_254777119-1024x576.jpg\"},{\"@type\":\"BreadcrumbList\",\"@id\":\"https:\\\/\\\/revanis.eu\\\/jobs-in-production-at-revanis-poland-dolacz-do-naszego-zespolu-produkcyjnego\\\/#breadcrumb\",\"itemListElement\":[{\"@type\":\"ListItem\",\"position\":1,\"name\":\"Home\",\"item\":\"https:\\\/\\\/revanis.eu\\\/\"},{\"@type\":\"ListItem\",\"position\":2,\"name\":\"Praca\"}]},{\"@type\":\"WebSite\",\"@id\":\"https:\\\/\\\/revanis.eu\\\/de\\\/#website\",\"url\":\"https:\\\/\\\/revanis.eu\\\/de\\\/\",\"name\":\"Manufacturer of smart products\",\"description\":\"We are a successful international medium-sized family-owned business with headquarters in Cologne (Germany) and production locations in Europe. Our smart  products and components with innovative strength for motorhomes and caravans make the stay in a recreation vehicle more comfortable.\",\"publisher\":{\"@id\":\"https:\\\/\\\/revanis.eu\\\/de\\\/#organization\"},\"potentialAction\":[{\"@type\":\"SearchAction\",\"target\":{\"@type\":\"EntryPoint\",\"urlTemplate\":\"https:\\\/\\\/revanis.eu\\\/de\\\/?s={search_term_string}\"},\"query-input\":{\"@type\":\"PropertyValueSpecification\",\"valueRequired\":true,\"valueName\":\"search_term_string\"}}],\"inLanguage\":\"en-UK\"},{\"@type\":\"Organization\",\"@id\":\"https:\\\/\\\/revanis.eu\\\/de\\\/#organization\",\"name\":\"Manufacturer of smart products\",\"url\":\"https:\\\/\\\/revanis.eu\\\/de\\\/\",\"logo\":{\"@type\":\"ImageObject\",\"inLanguage\":\"en-UK\",\"@id\":\"https:\\\/\\\/revanis.eu\\\/de\\\/#\\\/schema\\\/logo\\\/image\\\/\",\"url\":\"https:\\\/\\\/revanis.eu\\\/wp-content\\\/uploads\\\/2022\\\/01\\\/cropped-REVANIS-Logo_Blau-6.png\",\"contentUrl\":\"https:\\\/\\\/revanis.eu\\\/wp-content\\\/uploads\\\/2022\\\/01\\\/cropped-REVANIS-Logo_Blau-6.png\",\"width\":1901,\"height\":426,\"caption\":\"Manufacturer of smart products\"},\"image\":{\"@id\":\"https:\\\/\\\/revanis.eu\\\/de\\\/#\\\/schema\\\/logo\\\/image\\\/\"}}]}<\/script>\n<!-- \/ Yoast SEO plugin. -->","yoast_head_json":{"title":"Jobs - Manufacturer of smart products","robots":{"index":"index","follow":"follow","max-snippet":"max-snippet:-1","max-image-preview":"max-image-preview:large","max-video-preview":"max-video-preview:-1"},"canonical":"https:\/\/revanis.eu\/jobs-in-production-at-revanis-poland-dolacz-do-naszego-zespolu-produkcyjnego\/","og_locale":"en_US","og_type":"article","og_title":"Jobs - Manufacturer of smart products","og_url":"https:\/\/revanis.eu\/jobs-in-production-at-revanis-poland-dolacz-do-naszego-zespolu-produkcyjnego\/","og_site_name":"Manufacturer of smart products","article_modified_time":"2025-07-16T10:45:59+00:00","og_image":[{"url":"https:\/\/revanis.eu\/wp-content\/uploads\/2022\/02\/AdobeStock_254777119-1024x576.jpg","type":"","width":"","height":""}],"twitter_card":"summary_large_image","twitter_misc":{"Est. reading time":"1 minute"},"schema":{"@context":"https:\/\/schema.org","@graph":[{"@type":"WebPage","@id":"https:\/\/revanis.eu\/jobs-in-production-at-revanis-poland-dolacz-do-naszego-zespolu-produkcyjnego\/","url":"https:\/\/revanis.eu\/jobs-in-production-at-revanis-poland-dolacz-do-naszego-zespolu-produkcyjnego\/","name":"Jobs - Manufacturer of smart products","isPartOf":{"@id":"https:\/\/revanis.eu\/de\/#website"},"primaryImageOfPage":{"@id":"https:\/\/revanis.eu\/jobs-in-production-at-revanis-poland-dolacz-do-naszego-zespolu-produkcyjnego\/#primaryimage"},"image":{"@id":"https:\/\/revanis.eu\/jobs-in-production-at-revanis-poland-dolacz-do-naszego-zespolu-produkcyjnego\/#primaryimage"},"thumbnailUrl":"https:\/\/revanis.eu\/wp-content\/uploads\/2022\/02\/AdobeStock_254777119-1024x576.jpg","datePublished":"2022-01-13T09:17:07+00:00","dateModified":"2025-07-16T10:45:59+00:00","description":"Szukasz stabilnej pracy na produkcji? REVANIS Poland oferuje karier\u0119 przy produkcji wysokiej jako\u015bci komponent\u00f3w do kamper\u00f3w i przyczep kempingowych. Aplikuj ju\u017c teraz!","breadcrumb":{"@id":"https:\/\/revanis.eu\/jobs-in-production-at-revanis-poland-dolacz-do-naszego-zespolu-produkcyjnego\/#breadcrumb"},"inLanguage":"en-UK","potentialAction":[{"@type":"ReadAction","target":["https:\/\/revanis.eu\/jobs-in-production-at-revanis-poland-dolacz-do-naszego-zespolu-produkcyjnego\/"]}]},{"@type":"ImageObject","inLanguage":"en-UK","@id":"https:\/\/revanis.eu\/jobs-in-production-at-revanis-poland-dolacz-do-naszego-zespolu-produkcyjnego\/#primaryimage","url":"https:\/\/revanis.eu\/wp-content\/uploads\/2022\/02\/AdobeStock_254777119-1024x576.jpg","contentUrl":"https:\/\/revanis.eu\/wp-content\/uploads\/2022\/02\/AdobeStock_254777119-1024x576.jpg"},{"@type":"BreadcrumbList","@id":"https:\/\/revanis.eu\/jobs-in-production-at-revanis-poland-dolacz-do-naszego-zespolu-produkcyjnego\/#breadcrumb","itemListElement":[{"@type":"ListItem","position":1,"name":"Home","item":"https:\/\/revanis.eu\/"},{"@type":"ListItem","position":2,"name":"Praca"}]},{"@type":"WebSite","@id":"https:\/\/revanis.eu\/de\/#website","url":"https:\/\/revanis.eu\/de\/","name":"Manufacturer of smart products","description":"We are a successful international medium-sized family-owned business with headquarters in Cologne (Germany) and production locations in Europe. Our smart  products and components with innovative strength for motorhomes and caravans make the stay in a recreation vehicle more comfortable.","publisher":{"@id":"https:\/\/revanis.eu\/de\/#organization"},"potentialAction":[{"@type":"SearchAction","target":{"@type":"EntryPoint","urlTemplate":"https:\/\/revanis.eu\/de\/?s={search_term_string}"},"query-input":{"@type":"PropertyValueSpecification","valueRequired":true,"valueName":"search_term_string"}}],"inLanguage":"en-UK"},{"@type":"Organization","@id":"https:\/\/revanis.eu\/de\/#organization","name":"Manufacturer of smart products","url":"https:\/\/revanis.eu\/de\/","logo":{"@type":"ImageObject","inLanguage":"en-UK","@id":"https:\/\/revanis.eu\/de\/#\/schema\/logo\/image\/","url":"https:\/\/revanis.eu\/wp-content\/uploads\/2022\/01\/cropped-REVANIS-Logo_Blau-6.png","contentUrl":"https:\/\/revanis.eu\/wp-content\/uploads\/2022\/01\/cropped-REVANIS-Logo_Blau-6.png","width":1901,"height":426,"caption":"Manufacturer of smart products"},"image":{"@id":"https:\/\/revanis.eu\/de\/#\/schema\/logo\/image\/"}}]}},"_links":{"self":[{"href":"https:\/\/revanis.eu\/en\/wp-json\/wp\/v2\/pages\/61","targetHints":{"allow":["GET"]}}],"collection":[{"href":"https:\/\/revanis.eu\/en\/wp-json\/wp\/v2\/pages"}],"about":[{"href":"https:\/\/revanis.eu\/en\/wp-json\/wp\/v2\/types\/page"}],"author":[{"embeddable":true,"href":"https:\/\/revanis.eu\/en\/wp-json\/wp\/v2\/users\/1"}],"replies":[{"embeddable":true,"href":"https:\/\/revanis.eu\/en\/wp-json\/wp\/v2\/comments?post=61"}],"version-history":[{"count":116,"href":"https:\/\/revanis.eu\/en\/wp-json\/wp\/v2\/pages\/61\/revisions"}],"predecessor-version":[{"id":853,"href":"https:\/\/revanis.eu\/en\/wp-json\/wp\/v2\/pages\/61\/revisions\/853"}],"wp:attachment":[{"href":"https:\/\/revanis.eu\/en\/wp-json\/wp\/v2\/media?parent=61"}],"curies":[{"name":"wp","href":"https:\/\/api.w.org\/{rel}","templated":true}]}}