{"id":2,"date":"2022-01-11T16:41:37","date_gmt":"2022-01-11T15:41:37","guid":{"rendered":"http:\/\/revanis.eu\/?page_id=2"},"modified":"2025-07-16T12:42:00","modified_gmt":"2025-07-16T10:42:00","slug":"smart-accessories-for-campervans-caravans-rvs-oem-supplier-revanis","status":"publish","type":"page","link":"https:\/\/revanis.eu\/en\/","title":{"rendered":"Home test"},"content":{"rendered":"\n<p class=\"has-text-align-left has-text-color has-normal-font-size\" style=\"color:#004289\"><strong><strong>REVANIS \u2013 Manufacture of innovative products for the most beautiful hobby in the world<\/strong><\/strong><\/p>\n\n\n\n<p class=\"has-text-align-left\"><br><\/p>\n\n\n\n<p class=\"has-text-align-left\" style=\"font-size:16px\">Produkujemy dla znanego niemieckiego przedsi\u0119biorstwa inteligentne rozwi\u0105zania produktowe, dla jednego z najpi\u0119kniejszych hobby: jakim jest odkrywanie nowych horyzont\u00f3w, pWe are producing for a well-known German company smart product solutions for one of the most beautiful hobbies of all: discovering new horizons, experiencing other cultures and still being at home far away. Dacades of experience, well designed products and family-run \u2013 that\u2019s\u00a0<strong>REVANIS<\/strong>, a supplier for creative and customised ideas for caravans and motorhomes.<\/p>\n\n\n\n<p class=\"has-text-align-left\" style=\"font-size:16px\"><br><\/p>\n\n\n\n<p class=\"has-text-align-left\" style=\"font-size:16px\">As a specialist for the international leisure and vehicle industry,\u00a0<strong>REVANIS<\/strong>\u00a0manufactures a wide range of products as darkening systems, sun and insect protection systems, shower doors, roof windows and room dividers.<br><\/p>\n\n\n\n<p><br><br><\/p>\n\n\n\n<div class=\"wp-block-buttons is-horizontal is-content-justification-center is-layout-flex wp-container-core-buttons-is-layout-499968f5 wp-block-buttons-is-layout-flex\">\n<div class=\"wp-block-button has-custom-width wp-block-button__width-25 is-style-outline is-style-outline--1\"><a class=\"wp-block-button__link has-text-color\" style=\"color:#de9801\">Jobs<\/a><\/div>\n\n\n\n<div class=\"wp-block-button has-custom-width wp-block-button__width-25 is-style-outline is-style-outline--2\"><a class=\"wp-block-button__link has-text-color\" style=\"color:#de9801\">Products<\/a><\/div>\n<\/div>\n\n\n\n<p><br><br><\/p>\n\n\n\n<p><strong><mark style=\"background-color:rgba(0, 0, 0, 0);color:#0e3b83\" class=\"has-inline-color\">RREVANIS Production \u2013 37-552 M\u0142yny, Poland<\/mark><\/strong><\/p>\n\n\n\n<div class=\"wp-block-columns is-layout-flex wp-container-core-columns-is-layout-9d6595d7 wp-block-columns-is-layout-flex\">\n<div class=\"wp-block-column is-vertically-aligned-center is-layout-flow wp-block-column-is-layout-flow\" style=\"flex-basis:33.33%\">\n<div class=\"wp-block-columns is-layout-flex wp-container-core-columns-is-layout-9d6595d7 wp-block-columns-is-layout-flex\">\n<div class=\"wp-block-column is-layout-flow wp-block-column-is-layout-flow\">\n<div class=\"wp-block-group\"><div class=\"wp-block-group__inner-container is-layout-flow wp-block-group-is-layout-flow\">\n<figure class=\"wp-block-image size-large\"><img loading=\"lazy\" decoding=\"async\" width=\"1024\" height=\"576\" src=\"https:\/\/revanis.eu\/wp-content\/uploads\/2022\/01\/REVANIS-Logo_Weis_Hintergrund-blau_2_1920x1080-1024x576.png\" alt=\"\" class=\"wp-image-484\" srcset=\"https:\/\/revanis.eu\/wp-content\/uploads\/2022\/01\/REVANIS-Logo_Weis_Hintergrund-blau_2_1920x1080-1024x576.png 1024w, https:\/\/revanis.eu\/wp-content\/uploads\/2022\/01\/REVANIS-Logo_Weis_Hintergrund-blau_2_1920x1080-300x169.png 300w, https:\/\/revanis.eu\/wp-content\/uploads\/2022\/01\/REVANIS-Logo_Weis_Hintergrund-blau_2_1920x1080-768x432.png 768w, https:\/\/revanis.eu\/wp-content\/uploads\/2022\/01\/REVANIS-Logo_Weis_Hintergrund-blau_2_1920x1080-1536x864.png 1536w, https:\/\/revanis.eu\/wp-content\/uploads\/2022\/01\/REVANIS-Logo_Weis_Hintergrund-blau_2_1920x1080-2048x1152.png 2048w, https:\/\/revanis.eu\/wp-content\/uploads\/2022\/01\/REVANIS-Logo_Weis_Hintergrund-blau_2_1920x1080-500x281.png 500w\" sizes=\"auto, (max-width: 1024px) 100vw, 1024px\" \/><\/figure>\n<\/div><\/div>\n<\/div>\n<\/div>\n<\/div>\n\n\n\n<div class=\"wp-block-column is-layout-flow wp-block-column-is-layout-flow\" style=\"flex-basis:66.66%\">\n<div class=\"wp-block-responsive-lightbox-gallery\"><div class=\"rl-gallery-container rl-loading\" id=\"rl-gallery-container-1\" data-gallery_id=\"412\"> <div class=\"rl-gallery rl-basicgrid-gallery rl-hover-effect-4 rl-hover-icon-2\" id=\"rl-gallery-1\" data-gallery_no=\"1\"> <div class=\"rl-gallery-item\"><a href=\"https:\/\/revanis.eu\/wp-content\/uploads\/2022\/01\/REVANIS_Production_02.jpg\" title=\"\" data-rl_title=\"\" class=\"rl-gallery-link\" data-rl_caption=\"\" data-rel=\"norl\"><img loading=\"lazy\" decoding=\"async\" src=\"https:\/\/revanis.eu\/wp-content\/uploads\/2022\/01\/REVANIS_Production_02-300x169.jpg\" width=\"300\" height=\"169\" alt=\"\"\/><\/a><\/div><div class=\"rl-gallery-item\"><a href=\"https:\/\/revanis.eu\/wp-content\/uploads\/2022\/01\/REVANIS_Production_03.jpg\" title=\"\" data-rl_title=\"\" class=\"rl-gallery-link\" data-rl_caption=\"\" data-rel=\"norl\"><img loading=\"lazy\" decoding=\"async\" src=\"https:\/\/revanis.eu\/wp-content\/uploads\/2022\/01\/REVANIS_Production_03-300x169.jpg\" width=\"300\" height=\"169\" alt=\"\"\/><\/a><\/div><div class=\"rl-gallery-item\"><a href=\"https:\/\/revanis.eu\/wp-content\/uploads\/2022\/01\/REVANIS_Production_08.jpg\" title=\"\" data-rl_title=\"\" class=\"rl-gallery-link\" data-rl_caption=\"\" data-rel=\"norl\"><img loading=\"lazy\" decoding=\"async\" src=\"https:\/\/revanis.eu\/wp-content\/uploads\/2022\/01\/REVANIS_Production_08-300x169.jpg\" width=\"300\" height=\"169\" alt=\"\"\/><\/a><\/div><div class=\"rl-gallery-item\"><a href=\"https:\/\/revanis.eu\/wp-content\/uploads\/2022\/01\/REVANIS_Production_10.jpg\" title=\"\" data-rl_title=\"\" class=\"rl-gallery-link\" data-rl_caption=\"\" data-rel=\"norl\"><img loading=\"lazy\" decoding=\"async\" src=\"https:\/\/revanis.eu\/wp-content\/uploads\/2022\/01\/REVANIS_Production_10-300x169.jpg\" width=\"300\" height=\"169\" alt=\"\"\/><\/a><\/div><div class=\"rl-gallery-item\"><a href=\"https:\/\/revanis.eu\/wp-content\/uploads\/2022\/01\/REVANIS_Production_07.jpg\" title=\"\" data-rl_title=\"\" class=\"rl-gallery-link\" data-rl_caption=\"\" data-rel=\"norl\"><img loading=\"lazy\" decoding=\"async\" src=\"https:\/\/revanis.eu\/wp-content\/uploads\/2022\/01\/REVANIS_Production_07-300x169.jpg\" width=\"300\" height=\"169\" alt=\"\"\/><\/a><\/div> <\/div> <\/div><\/div>\n\n\n\n<p class=\"has-text-color has-small-font-size\" style=\"color:#f9b524\">Please click to enlarge the pictures<\/p>\n<\/div>\n<\/div>\n","protected":false},"excerpt":{"rendered":"<p>REVANIS \u2013 Manufacture of innovative products for the most beautiful hobby in the world Produkujemy dla znanego niemieckiego przedsi\u0119biorstwa inteligentne rozwi\u0105zania produktowe, dla jednego z \u2026<\/p>\n","protected":false},"author":1,"featured_media":0,"parent":0,"menu_order":1,"comment_status":"closed","ping_status":"closed","template":"","meta":{"footnotes":""},"class_list":["post-2","page","type-page","status-publish","hentry"],"translation":{"provider":"WPGlobus","version":"2.12.2","language":"en","enabled_languages":["pl","en"],"languages":{"pl":{"title":true,"content":true,"excerpt":false},"en":{"title":true,"content":true,"excerpt":false}}},"yoast_head":"<!-- This site is optimized with the Yoast SEO plugin v27.6 - https:\/\/yoast.com\/product\/yoast-seo-wordpress\/ -->\n<title>Home test - Manufacturer of smart products<\/title>\n<meta name=\"description\" content=\"REVANIS develops smart, custom solutions for motorhomes and caravans \u2013 from blackout systems to insect screens. Made in Europe, trusted by OEMs.\" \/>\n<meta name=\"robots\" content=\"index, follow, max-snippet:-1, max-image-preview:large, max-video-preview:-1\" \/>\n<link rel=\"canonical\" href=\"https:\/\/revanis.eu\/\" \/>\n<meta property=\"og:locale\" content=\"en_US\" \/>\n<meta property=\"og:type\" content=\"article\" \/>\n<meta property=\"og:title\" content=\"Home test - Manufacturer of smart products\" \/>\n<meta property=\"og:description\" content=\"REVANIS develops smart, custom solutions for motorhomes and caravans \u2013 from blackout systems to insect screens. Made in Europe, trusted by OEMs.\" \/>\n<meta property=\"og:url\" content=\"https:\/\/revanis.eu\/\" \/>\n<meta property=\"og:site_name\" content=\"Manufacturer of smart products\" \/>\n<meta property=\"article:modified_time\" content=\"2025-07-16T10:42:00+00:00\" \/>\n<meta property=\"og:image\" content=\"https:\/\/revanis.eu\/wp-content\/uploads\/2022\/01\/REVANIS-Logo_Weis_Hintergrund-blau_2_1920x1080.png\" \/>\n\t<meta property=\"og:image:width\" content=\"4001\" \/>\n\t<meta property=\"og:image:height\" content=\"2251\" \/>\n\t<meta property=\"og:image:type\" content=\"image\/png\" \/>\n<meta name=\"twitter:card\" content=\"summary_large_image\" \/>\n<meta name=\"twitter:label1\" content=\"Est. reading time\" \/>\n\t<meta name=\"twitter:data1\" content=\"2 minutes\" \/>\n<script type=\"application\/ld+json\" class=\"yoast-schema-graph\">{\"@context\":\"https:\\\/\\\/schema.org\",\"@graph\":[{\"@type\":\"WebPage\",\"@id\":\"https:\\\/\\\/revanis.eu\\\/\",\"url\":\"https:\\\/\\\/revanis.eu\\\/\",\"name\":\"Home test - Manufacturer of smart products\",\"isPartOf\":{\"@id\":\"https:\\\/\\\/revanis.eu\\\/de\\\/#website\"},\"primaryImageOfPage\":{\"@id\":\"https:\\\/\\\/revanis.eu\\\/#primaryimage\"},\"image\":{\"@id\":\"https:\\\/\\\/revanis.eu\\\/#primaryimage\"},\"thumbnailUrl\":\"https:\\\/\\\/revanis.eu\\\/wp-content\\\/uploads\\\/2022\\\/01\\\/REVANIS-Logo_Weis_Hintergrund-blau_2_1920x1080-1024x576.png\",\"datePublished\":\"2022-01-11T15:41:37+00:00\",\"dateModified\":\"2025-07-16T10:42:00+00:00\",\"description\":\"REVANIS develops smart, custom solutions for motorhomes and caravans \u2013 from blackout systems to insect screens. Made in Europe, trusted by OEMs.\",\"breadcrumb\":{\"@id\":\"https:\\\/\\\/revanis.eu\\\/#breadcrumb\"},\"inLanguage\":\"en-UK\",\"potentialAction\":[{\"@type\":\"ReadAction\",\"target\":[\"https:\\\/\\\/revanis.eu\\\/\"]}]},{\"@type\":\"ImageObject\",\"inLanguage\":\"en-UK\",\"@id\":\"https:\\\/\\\/revanis.eu\\\/#primaryimage\",\"url\":\"https:\\\/\\\/revanis.eu\\\/wp-content\\\/uploads\\\/2022\\\/01\\\/REVANIS-Logo_Weis_Hintergrund-blau_2_1920x1080-1024x576.png\",\"contentUrl\":\"https:\\\/\\\/revanis.eu\\\/wp-content\\\/uploads\\\/2022\\\/01\\\/REVANIS-Logo_Weis_Hintergrund-blau_2_1920x1080-1024x576.png\"},{\"@type\":\"BreadcrumbList\",\"@id\":\"https:\\\/\\\/revanis.eu\\\/#breadcrumb\",\"itemListElement\":[{\"@type\":\"ListItem\",\"position\":1,\"name\":\"Home\",\"item\":\"https:\\\/\\\/revanis.eu\\\/\"},{\"@type\":\"ListItem\",\"position\":2,\"name\":\"Strona g\u0142\u00f3wna\"}]},{\"@type\":\"WebSite\",\"@id\":\"https:\\\/\\\/revanis.eu\\\/de\\\/#website\",\"url\":\"https:\\\/\\\/revanis.eu\\\/de\\\/\",\"name\":\"Manufacturer of smart products\",\"description\":\"We are a successful international medium-sized family-owned business with headquarters in Cologne (Germany) and production locations in Europe. Our smart  products and components with innovative strength for motorhomes and caravans make the stay in a recreation vehicle more comfortable.\",\"publisher\":{\"@id\":\"https:\\\/\\\/revanis.eu\\\/de\\\/#organization\"},\"potentialAction\":[{\"@type\":\"SearchAction\",\"target\":{\"@type\":\"EntryPoint\",\"urlTemplate\":\"https:\\\/\\\/revanis.eu\\\/de\\\/?s={search_term_string}\"},\"query-input\":{\"@type\":\"PropertyValueSpecification\",\"valueRequired\":true,\"valueName\":\"search_term_string\"}}],\"inLanguage\":\"en-UK\"},{\"@type\":\"Organization\",\"@id\":\"https:\\\/\\\/revanis.eu\\\/de\\\/#organization\",\"name\":\"Manufacturer of smart products\",\"url\":\"https:\\\/\\\/revanis.eu\\\/de\\\/\",\"logo\":{\"@type\":\"ImageObject\",\"inLanguage\":\"en-UK\",\"@id\":\"https:\\\/\\\/revanis.eu\\\/de\\\/#\\\/schema\\\/logo\\\/image\\\/\",\"url\":\"https:\\\/\\\/revanis.eu\\\/wp-content\\\/uploads\\\/2022\\\/01\\\/cropped-REVANIS-Logo_Blau-6.png\",\"contentUrl\":\"https:\\\/\\\/revanis.eu\\\/wp-content\\\/uploads\\\/2022\\\/01\\\/cropped-REVANIS-Logo_Blau-6.png\",\"width\":1901,\"height\":426,\"caption\":\"Manufacturer of smart products\"},\"image\":{\"@id\":\"https:\\\/\\\/revanis.eu\\\/de\\\/#\\\/schema\\\/logo\\\/image\\\/\"}}]}<\/script>\n<!-- \/ Yoast SEO plugin. -->","yoast_head_json":{"title":"Home test - Manufacturer of smart products","description":"REVANIS develops smart, custom solutions for motorhomes and caravans \u2013 from blackout systems to insect screens. Made in Europe, trusted by OEMs.","robots":{"index":"index","follow":"follow","max-snippet":"max-snippet:-1","max-image-preview":"max-image-preview:large","max-video-preview":"max-video-preview:-1"},"canonical":"https:\/\/revanis.eu\/","og_locale":"en_US","og_type":"article","og_title":"Home test - Manufacturer of smart products","og_description":"REVANIS develops smart, custom solutions for motorhomes and caravans \u2013 from blackout systems to insect screens. Made in Europe, trusted by OEMs.","og_url":"https:\/\/revanis.eu\/","og_site_name":"Manufacturer of smart products","article_modified_time":"2025-07-16T10:42:00+00:00","og_image":[{"width":4001,"height":2251,"url":"https:\/\/revanis.eu\/wp-content\/uploads\/2022\/01\/REVANIS-Logo_Weis_Hintergrund-blau_2_1920x1080.png","type":"image\/png"}],"twitter_card":"summary_large_image","twitter_misc":{"Est. reading time":"2 minutes"},"schema":{"@context":"https:\/\/schema.org","@graph":[{"@type":"WebPage","@id":"https:\/\/revanis.eu\/","url":"https:\/\/revanis.eu\/","name":"Home test - Manufacturer of smart products","isPartOf":{"@id":"https:\/\/revanis.eu\/de\/#website"},"primaryImageOfPage":{"@id":"https:\/\/revanis.eu\/#primaryimage"},"image":{"@id":"https:\/\/revanis.eu\/#primaryimage"},"thumbnailUrl":"https:\/\/revanis.eu\/wp-content\/uploads\/2022\/01\/REVANIS-Logo_Weis_Hintergrund-blau_2_1920x1080-1024x576.png","datePublished":"2022-01-11T15:41:37+00:00","dateModified":"2025-07-16T10:42:00+00:00","description":"REVANIS develops smart, custom solutions for motorhomes and caravans \u2013 from blackout systems to insect screens. Made in Europe, trusted by OEMs.","breadcrumb":{"@id":"https:\/\/revanis.eu\/#breadcrumb"},"inLanguage":"en-UK","potentialAction":[{"@type":"ReadAction","target":["https:\/\/revanis.eu\/"]}]},{"@type":"ImageObject","inLanguage":"en-UK","@id":"https:\/\/revanis.eu\/#primaryimage","url":"https:\/\/revanis.eu\/wp-content\/uploads\/2022\/01\/REVANIS-Logo_Weis_Hintergrund-blau_2_1920x1080-1024x576.png","contentUrl":"https:\/\/revanis.eu\/wp-content\/uploads\/2022\/01\/REVANIS-Logo_Weis_Hintergrund-blau_2_1920x1080-1024x576.png"},{"@type":"BreadcrumbList","@id":"https:\/\/revanis.eu\/#breadcrumb","itemListElement":[{"@type":"ListItem","position":1,"name":"Home","item":"https:\/\/revanis.eu\/"},{"@type":"ListItem","position":2,"name":"Strona g\u0142\u00f3wna"}]},{"@type":"WebSite","@id":"https:\/\/revanis.eu\/de\/#website","url":"https:\/\/revanis.eu\/de\/","name":"Manufacturer of smart products","description":"We are a successful international medium-sized family-owned business with headquarters in Cologne (Germany) and production locations in Europe. Our smart  products and components with innovative strength for motorhomes and caravans make the stay in a recreation vehicle more comfortable.","publisher":{"@id":"https:\/\/revanis.eu\/de\/#organization"},"potentialAction":[{"@type":"SearchAction","target":{"@type":"EntryPoint","urlTemplate":"https:\/\/revanis.eu\/de\/?s={search_term_string}"},"query-input":{"@type":"PropertyValueSpecification","valueRequired":true,"valueName":"search_term_string"}}],"inLanguage":"en-UK"},{"@type":"Organization","@id":"https:\/\/revanis.eu\/de\/#organization","name":"Manufacturer of smart products","url":"https:\/\/revanis.eu\/de\/","logo":{"@type":"ImageObject","inLanguage":"en-UK","@id":"https:\/\/revanis.eu\/de\/#\/schema\/logo\/image\/","url":"https:\/\/revanis.eu\/wp-content\/uploads\/2022\/01\/cropped-REVANIS-Logo_Blau-6.png","contentUrl":"https:\/\/revanis.eu\/wp-content\/uploads\/2022\/01\/cropped-REVANIS-Logo_Blau-6.png","width":1901,"height":426,"caption":"Manufacturer of smart products"},"image":{"@id":"https:\/\/revanis.eu\/de\/#\/schema\/logo\/image\/"}}]}},"_links":{"self":[{"href":"https:\/\/revanis.eu\/en\/wp-json\/wp\/v2\/pages\/2","targetHints":{"allow":["GET"]}}],"collection":[{"href":"https:\/\/revanis.eu\/en\/wp-json\/wp\/v2\/pages"}],"about":[{"href":"https:\/\/revanis.eu\/en\/wp-json\/wp\/v2\/types\/page"}],"author":[{"embeddable":true,"href":"https:\/\/revanis.eu\/en\/wp-json\/wp\/v2\/users\/1"}],"replies":[{"embeddable":true,"href":"https:\/\/revanis.eu\/en\/wp-json\/wp\/v2\/comments?post=2"}],"version-history":[{"count":122,"href":"https:\/\/revanis.eu\/en\/wp-json\/wp\/v2\/pages\/2\/revisions"}],"predecessor-version":[{"id":845,"href":"https:\/\/revanis.eu\/en\/wp-json\/wp\/v2\/pages\/2\/revisions\/845"}],"wp:attachment":[{"href":"https:\/\/revanis.eu\/en\/wp-json\/wp\/v2\/media?parent=2"}],"curies":[{"name":"wp","href":"https:\/\/api.w.org\/{rel}","templated":true}]}}